{"id":45,"date":"2024-01-27T16:46:28","date_gmt":"2024-01-27T15:46:28","guid":{"rendered":"https:\/\/taxivslcomminges.fr\/?page_id=45"},"modified":"2024-09-19T14:59:13","modified_gmt":"2024-09-19T12:59:13","slug":"taxi-911","status":"publish","type":"page","link":"https:\/\/911taxis.fr\/","title":{"rendered":"Accueil"},"content":{"rendered":"\n<div class=\"wp-block-group alignfull has-ast-global-color-5-background-color has-background is-layout-constrained wp-container-core-group-is-layout-acc6edc9 wp-block-group-is-layout-constrained\" id=\"about\" style=\"padding-top:45px;padding-bottom:70px\"><\/div>\n\n\n\n<div class=\"wp-block-cover alignfull\" style=\"min-height:720px;aspect-ratio:unset;\"><span aria-hidden=\"true\" class=\"wp-block-cover__background has-background-dim-100 has-background-dim\" style=\"background-color:#333333\"><\/span><div class=\"wp-block-cover__inner-container is-layout-flow wp-block-cover-is-layout-flow\">\n<div style=\"height:40px\" aria-hidden=\"true\" class=\"wp-block-spacer uag-hide-desktop uag-hide-tab\"><\/div>\n\n\n\n<div class=\"inherit-container-width wp-block-group alignwide is-layout-constrained wp-block-group-is-layout-constrained\">\n<div class=\"wp-block-media-text alignwide has-media-on-the-right is-stacked-on-mobile is-vertically-aligned-center\" style=\"grid-template-columns:auto 38%\"><div class=\"wp-block-media-text__content\">\n<h1 class=\"wp-block-heading has-text-align-left has-white-color has-text-color\" style=\"font-size:36px\">Bienvenue chez 911 Taxis<\/h1>\n\n\n\n<p>Votre service de taxi dans l&rsquo;Essonne, disponible 24h\/24 et 7j\/7 pour tous vos d\u00e9placements. Nous vous offrons un transport confortable et s\u00e9curis\u00e9 vers toutes vos destinations.<\/p>\n\n\n\n<div class=\"wp-block-buttons is-content-justification-left is-layout-flex wp-container-core-buttons-is-layout-0e5a4d8e wp-block-buttons-is-layout-flex\">\n<div class=\"wp-block-button has-custom-font-size is-style-fill\" style=\"font-size:25px\"><a class=\"wp-block-button__link has-ast-global-color-6-background-color has-background wp-element-button\" href=\"tel:0169911911\" style=\"padding-right:var(--wp--preset--spacing--30);padding-left:var(--wp--preset--spacing--30)\"><mark style=\"background-color:rgba(0, 0, 0, 0)\" class=\"has-inline-color has-ast-global-color-0-color\"><mark style=\"background-color:rgba(0, 0, 0, 0)\" class=\"has-inline-color has-ast-global-color-5-color\">\ud83d\udcde<\/mark> 01 69 91 19 11<\/mark><\/a><\/div>\n\n\n\n<div class=\"wp-block-button is-style-fill\"><a class=\"wp-block-button__link has-white-color has-text-color has-background has-link-color wp-element-button\" href=\"https:\/\/wa.me\/+33611250178\" style=\"background-color:#25d366;padding-right:var(--wp--preset--spacing--30);padding-left:var(--wp--preset--spacing--30)\" target=\"_blank\" rel=\"noreferrer noopener\"><img loading=\"lazy\" decoding=\"async\" width=\"25\" height=\"25\" class=\"wp-image-393\" style=\"width: 25px;\" src=\"https:\/\/911taxis.fr\/wp-content\/uploads\/2024\/09\/icons8-whatsapp-50.png\" alt=\"\">  Chat on WhatsApp<\/a><\/div>\n<\/div>\n<\/div><figure class=\"wp-block-media-text__media\"><img loading=\"lazy\" decoding=\"async\" width=\"635\" height=\"393\" src=\"https:\/\/911taxis.fr\/wp-content\/uploads\/2024\/09\/IMG_7219__2_-removebg-preview.png\" alt=\"\" class=\"wp-image-418 size-full\" srcset=\"https:\/\/911taxis.fr\/wp-content\/uploads\/2024\/09\/IMG_7219__2_-removebg-preview.png 635w, https:\/\/911taxis.fr\/wp-content\/uploads\/2024\/09\/IMG_7219__2_-removebg-preview-300x186.png 300w, https:\/\/911taxis.fr\/wp-content\/uploads\/2024\/09\/IMG_7219__2_-removebg-preview-120x74.png 120w\" sizes=\"auto, (max-width: 635px) 100vw, 635px\" \/><\/figure><\/div>\n<\/div>\n<\/div><\/div>\n\n\n\n<div class=\"wp-block-group alignfull has-background is-layout-constrained wp-container-core-group-is-layout-6f303900 wp-block-group-is-layout-constrained\" id=\"about\" style=\"background-color:#333333;padding-top:100px;padding-bottom:70px\">\n<div class=\"wp-block-media-text has-media-on-the-right is-stacked-on-mobile is-vertically-aligned-center\" style=\"margin-right:0;margin-left:0;padding-right:0;padding-left:0;grid-template-columns:auto 35%\"><div class=\"wp-block-media-text__content\">\n<h3 class=\"wp-block-heading has-ast-global-color-5-color has-text-color has-link-color wp-elements-cfba6fcee75f824ac16a73bd4ec1dab8\" style=\"font-size:28px\">Nos services :<\/h3>\n\n\n\n<div class=\"inherit-container-width wp-block-group is-layout-constrained wp-block-group-is-layout-constrained\">\n<p class=\"has-ast-global-color-5-color has-text-color has-link-color wp-elements-6b159dc632ddfd6f1752fd39b460a59b\"><strong>Gares :<\/strong> Massy TGV, Lyon, Montparnasse, Austerlitz, Lyon, Nord, Est, Saint Lazare<\/p>\n\n\n\n<p class=\"has-ast-global-color-5-color has-text-color has-link-color wp-elements-8ceff8f38f0440ee25a44610b057229e\"><strong>A\u00e9roports :<\/strong> Roissy Charles de Gaulle, Orly, Beauvais, Toussus-le-Noble<\/p>\n\n\n\n<p class=\"has-ast-global-color-5-color has-text-color has-link-color wp-elements-db6769c56d035d5d98b8c569baf74d4a\"><strong>Transport de Malades Assis :<\/strong> Conventionn\u00e9s s\u00e9curit\u00e9 sociale pour h\u00f4pitaux, cliniques, cures, centres de r\u00e9\u00e9ducation<\/p>\n\n\n\n<p class=\"has-ast-global-color-5-color has-text-color has-link-color wp-elements-e9a6545c7521eb7911253b9860d09746\"><strong>Plis et Colis :<\/strong> R\u00e9gions parisienne, France et \u00e9tranger<\/p>\n\n\n\n<div class=\"wp-block-buttons is-content-justification-center is-layout-flex wp-container-core-buttons-is-layout-a89b3969 wp-block-buttons-is-layout-flex\">\n<div class=\"wp-block-button has-custom-font-size\" style=\"font-size:25px\"><a class=\"wp-block-button__link has-white-background-color has-text-color has-background has-link-color wp-element-button\" href=\"tel:0169911911\" style=\"color:#333333;padding-right:var(--wp--preset--spacing--30);padding-left:var(--wp--preset--spacing--30)\"><mark style=\"background-color:rgba(0, 0, 0, 0);color:#333333\" class=\"has-inline-color\">\ud83d\udcde 01 69 91 19 11<\/mark><\/a><\/div>\n<\/div>\n<\/div>\n<\/div><figure class=\"wp-block-media-text__media\"><img loading=\"lazy\" decoding=\"async\" width=\"768\" height=\"1024\" src=\"https:\/\/911taxis.fr\/wp-content\/uploads\/2024\/09\/2678148d-7aa1-459b-9b7e-bf26cce26a6e-768x1024.jpg\" alt=\"\" class=\"wp-image-378 size-full\" srcset=\"https:\/\/911taxis.fr\/wp-content\/uploads\/2024\/09\/2678148d-7aa1-459b-9b7e-bf26cce26a6e-768x1024.jpg 768w, https:\/\/911taxis.fr\/wp-content\/uploads\/2024\/09\/2678148d-7aa1-459b-9b7e-bf26cce26a6e-225x300.jpg 225w, https:\/\/911taxis.fr\/wp-content\/uploads\/2024\/09\/2678148d-7aa1-459b-9b7e-bf26cce26a6e-1152x1536.jpg 1152w, https:\/\/911taxis.fr\/wp-content\/uploads\/2024\/09\/2678148d-7aa1-459b-9b7e-bf26cce26a6e.jpg 1200w\" sizes=\"auto, (max-width: 768px) 100vw, 768px\" \/><\/figure><\/div>\n<\/div>\n\n\n\n<div class=\"wp-block-group alignfull has-background is-layout-constrained wp-container-core-group-is-layout-8b5112be wp-block-group-is-layout-constrained\" id=\"about\" style=\"background-color:#333333;min-height:0px;margin-top:0;margin-bottom:0;padding-top:70px;padding-bottom:144px\">\n<div class=\"wp-block-media-text is-stacked-on-mobile is-vertically-aligned-center\" style=\"grid-template-columns:35% auto\"><figure class=\"wp-block-media-text__media\"><img loading=\"lazy\" decoding=\"async\" width=\"509\" height=\"693\" src=\"https:\/\/911taxis.fr\/wp-content\/uploads\/2024\/09\/13c6cf81-2ed8-421c-9182-7a648ab1e68a.jpg\" alt=\"\" class=\"wp-image-383 size-full\" srcset=\"https:\/\/911taxis.fr\/wp-content\/uploads\/2024\/09\/13c6cf81-2ed8-421c-9182-7a648ab1e68a.jpg 509w, https:\/\/911taxis.fr\/wp-content\/uploads\/2024\/09\/13c6cf81-2ed8-421c-9182-7a648ab1e68a-220x300.jpg 220w\" sizes=\"auto, (max-width: 509px) 100vw, 509px\" \/><\/figure><div class=\"wp-block-media-text__content\">\n<h3 class=\"wp-block-heading has-white-color has-text-color has-link-color wp-elements-c84eef48a4d4b2005e9b000a3a376c18\" style=\"font-size:28px\">Pour tous vos besoins :<\/h3>\n\n\n\n<div class=\"inherit-container-width wp-block-group is-layout-constrained wp-block-group-is-layout-constrained\">\n<ul class=\"wp-block-list has-ast-global-color-5-color has-text-color has-link-color wp-elements-a4c00a7e68bbc79d121b262ac53ad745\">\n<li>R\u00e9servation : 01 69 91 19 11<\/li>\n\n\n\n<li>Liaison et accueil a\u00e9roports et gares<\/li>\n\n\n\n<li>Transport pour visites de mus\u00e9es, d\u00e9couvertes de la r\u00e9gion \u00cele-de-France et Paris<\/li>\n\n\n\n<li>Transport de malades assis<\/li>\n\n\n\n<li>Soir\u00e9es spectacles<\/li>\n\n\n\n<li>Plis et colis<\/li>\n<\/ul>\n\n\n\n<div class=\"wp-block-buttons is-content-justification-center is-layout-flex wp-container-core-buttons-is-layout-b5994976 wp-block-buttons-is-layout-flex\">\n<div class=\"wp-block-button is-style-fill\"><a class=\"wp-block-button__link has-white-color has-text-color has-background has-link-color wp-element-button\" href=\"https:\/\/wa.me\/+33611250178\" style=\"background-color:#25d366;padding-right:var(--wp--preset--spacing--30);padding-left:var(--wp--preset--spacing--30)\" target=\"_blank\" rel=\"noreferrer noopener\"><img loading=\"lazy\" decoding=\"async\" width=\"25\" height=\"25\" class=\"wp-image-393\" style=\"width: 25px;\" src=\"https:\/\/911taxis.fr\/wp-content\/uploads\/2024\/09\/icons8-whatsapp-50.png\" alt=\"\">  Chat on WhatsApp<\/a><\/div>\n<\/div>\n<\/div>\n<\/div><\/div>\n<\/div>\n\n\n\n<div class=\"wp-block-cover alignfull\" style=\"padding-right:0;padding-left:0;min-height:408px;aspect-ratio:unset;\"><span aria-hidden=\"true\" class=\"wp-block-cover__background has-ast-global-color-0-background-color has-background-dim-100 has-background-dim\"><\/span><div class=\"wp-block-cover__inner-container is-layout-flow wp-block-cover-is-layout-flow\">\n<h2 class=\"wp-block-heading has-text-align-center has-white-color has-text-color has-link-color wp-elements-d154d8fb759fa5429c23cab5c712bd37\" style=\"font-size:36px\">Nous contacter<\/h2>\n\n\n\n<h3 class=\"wp-block-heading has-text-align-center has-white-color has-text-color has-link-color wp-elements-8cbdbb7cfa53c4d92ae576c706fe07fb\" style=\"font-size:18px\">Pour toute r\u00e9servation ou information, n&rsquo;h\u00e9sitez pas \u00e0 nous appeler ou \u00e0 nous envoyer un message sur WhatsApp.<\/h3>\n\n\n\n<div class=\"wp-block-buttons is-content-justification-center is-layout-flex wp-container-core-buttons-is-layout-a89b3969 wp-block-buttons-is-layout-flex\">\n<div class=\"wp-block-button has-custom-font-size is-style-fill\" style=\"font-size:25px\"><a class=\"wp-block-button__link has-ast-global-color-6-background-color has-background wp-element-button\" href=\"tel:0169911911\" style=\"padding-right:var(--wp--preset--spacing--30);padding-left:var(--wp--preset--spacing--30)\"><mark style=\"background-color:rgba(0, 0, 0, 0)\" class=\"has-inline-color has-ast-global-color-0-color\"><mark style=\"background-color:rgba(0, 0, 0, 0)\" class=\"has-inline-color has-ast-global-color-5-color\">\ud83d\udcde<\/mark> 01 69 91 19 11<\/mark><\/a><\/div>\n<\/div>\n\n\n\t\t\t<div \n\t\t\tclass=\"wp-block-uagb-google-map uagb-google-map__wrap uagb-block-7a2e1904     \"\n\t\t\tstyle=\"\" >\n\t\t\t\t<embed\n\t\t\t\t\tclass=\"uagb-google-map__iframe\"\n\t\t\t\t\ttitle=\"Google Map for \"\n\t\t\t\t\tsrc=\"https:\/\/maps.google.com\/maps?q=91000&#038;z=15&#038;hl=fr&#038;t=m&#038;output=embed&#038;iwloc=near\"\n\t\t\t\t\twidth=\"640\"\n\t\t\t\t\theight=\"500\"\n\t\t\t\t\tloading=\"lazy\"\n\t\t\t\t><\/embed>\n\t\t\t<\/div>\n\t\t\t<\/div><\/div>\n\n\n\n<p><\/p>\n","protected":false},"excerpt":{"rendered":"<p>Nos services : Gares : Massy TGV, Lyon, Montparnasse, Austerlitz, Lyon, Nord, Est, Saint Lazare A\u00e9roports : Roissy Charles de Gaulle, Orly, Beauvais, Toussus-le-Noble Transport de Malades Assis : Conventionn\u00e9s s\u00e9curit\u00e9 sociale pour h\u00f4pitaux, cliniques, cures, centres de r\u00e9\u00e9ducation Plis et Colis : R\u00e9gions parisienne, France et \u00e9tranger Pour tous vos besoins :<\/p>\n","protected":false},"author":2,"featured_media":0,"parent":0,"menu_order":0,"comment_status":"closed","ping_status":"closed","template":"","meta":{"_uag_custom_page_level_css":"","site-sidebar-layout":"no-sidebar","site-content-layout":"plain-container","ast-site-content-layout":"default","site-content-style":"default","site-sidebar-style":"default","ast-global-header-display":"","ast-banner-title-visibility":"","ast-main-header-display":"","ast-hfb-above-header-display":"","ast-hfb-below-header-display":"","ast-hfb-mobile-header-display":"","site-post-title":"disabled","ast-breadcrumbs-content":"","ast-featured-img":"","footer-sml-layout":"","ast-disable-related-posts":"","theme-transparent-header-meta":"enabled","adv-header-id-meta":"","stick-header-meta":"","header-above-stick-meta":"","header-main-stick-meta":"","header-below-stick-meta":"","astra-migrate-meta-layouts":"default","ast-page-background-enabled":"default","ast-page-background-meta":{"desktop":{"background-color":"var(--ast-global-color-4)","background-image":"","background-repeat":"repeat","background-position":"center center","background-size":"auto","background-attachment":"scroll","background-type":"","background-media":"","overlay-type":"","overlay-color":"","overlay-opacity":"","overlay-gradient":""},"tablet":{"background-color":"","background-image":"","background-repeat":"repeat","background-position":"center center","background-size":"auto","background-attachment":"scroll","background-type":"","background-media":"","overlay-type":"","overlay-color":"","overlay-opacity":"","overlay-gradient":""},"mobile":{"background-color":"","background-image":"","background-repeat":"repeat","background-position":"center center","background-size":"auto","background-attachment":"scroll","background-type":"","background-media":"","overlay-type":"","overlay-color":"","overlay-opacity":"","overlay-gradient":""}},"ast-content-background-meta":{"desktop":{"background-color":"var(--ast-global-color-5)","background-image":"","background-repeat":"repeat","background-position":"center center","background-size":"auto","background-attachment":"scroll","background-type":"","background-media":"","overlay-type":"","overlay-color":"","overlay-opacity":"","overlay-gradient":""},"tablet":{"background-color":"var(--ast-global-color-5)","background-image":"","background-repeat":"repeat","background-position":"center center","background-size":"auto","background-attachment":"scroll","background-type":"","background-media":"","overlay-type":"","overlay-color":"","overlay-opacity":"","overlay-gradient":""},"mobile":{"background-color":"var(--ast-global-color-5)","background-image":"","background-repeat":"repeat","background-position":"center center","background-size":"auto","background-attachment":"scroll","background-type":"","background-media":"","overlay-type":"","overlay-color":"","overlay-opacity":"","overlay-gradient":""}},"footnotes":""},"class_list":["post-45","page","type-page","status-publish","hentry"],"uagb_featured_image_src":{"full":false,"thumbnail":false,"medium":false,"medium_large":false,"large":false,"1536x1536":false,"2048x2048":false},"uagb_author_info":{"display_name":"admin3195","author_link":"https:\/\/911taxis.fr\/index.php\/author\/admin3195\/"},"uagb_comment_info":0,"uagb_excerpt":"Nos services : Gares : Massy TGV, Lyon, Montparnasse, Austerlitz, Lyon, Nord, Est, Saint Lazare A\u00e9roports : Roissy Charles de Gaulle, Orly, Beauvais, Toussus-le-Noble Transport de Malades Assis : Conventionn\u00e9s s\u00e9curit\u00e9 sociale pour h\u00f4pitaux, cliniques, cures, centres de r\u00e9\u00e9ducation Plis et Colis : R\u00e9gions parisienne, France et \u00e9tranger Pour tous vos besoins :","_links":{"self":[{"href":"https:\/\/911taxis.fr\/index.php\/wp-json\/wp\/v2\/pages\/45","targetHints":{"allow":["GET"]}}],"collection":[{"href":"https:\/\/911taxis.fr\/index.php\/wp-json\/wp\/v2\/pages"}],"about":[{"href":"https:\/\/911taxis.fr\/index.php\/wp-json\/wp\/v2\/types\/page"}],"author":[{"embeddable":true,"href":"https:\/\/911taxis.fr\/index.php\/wp-json\/wp\/v2\/users\/2"}],"replies":[{"embeddable":true,"href":"https:\/\/911taxis.fr\/index.php\/wp-json\/wp\/v2\/comments?post=45"}],"version-history":[{"count":140,"href":"https:\/\/911taxis.fr\/index.php\/wp-json\/wp\/v2\/pages\/45\/revisions"}],"predecessor-version":[{"id":450,"href":"https:\/\/911taxis.fr\/index.php\/wp-json\/wp\/v2\/pages\/45\/revisions\/450"}],"wp:attachment":[{"href":"https:\/\/911taxis.fr\/index.php\/wp-json\/wp\/v2\/media?parent=45"}],"curies":[{"name":"wp","href":"https:\/\/api.w.org\/{rel}","templated":true}]}}